{"id":1086,"date":"2023-03-21T11:54:35","date_gmt":"2023-03-21T10:54:35","guid":{"rendered":"https:\/\/www.hanseline.de\/?page_id=1086"},"modified":"2023-03-21T11:55:23","modified_gmt":"2023-03-21T10:55:23","slug":"media-downloads","status":"publish","type":"page","link":"https:\/\/www.hanseline.de\/en\/media-downloads\/","title":{"rendered":"Media &#038; Downloads"},"content":{"rendered":"<div class=\"wpb-content-wrapper\"><p>[vc_row css=&#8221;.vc_custom_1679386941106{margin-bottom: 80px !important;background-color: #f6f5f4 !important;}&#8221;][vc_column][vc_row_inner][vc_column_inner width=&#8221;1\/3&#8243;][vc_single_image image=&#8221;1051&#8243; img_size=&#8221;full&#8221; alignment=&#8221;center&#8221; onclick=&#8221;custom_link&#8221; img_link_target=&#8221;_blank&#8221; link=&#8221;https:\/\/www.hanseline.de\/wp-content\/uploads\/2023\/03\/Hanseline_Hygiene_Bad.jpg&#8221;][\/vc_column_inner][vc_column_inner width=&#8221;1\/3&#8243;][vc_single_image image=&#8221;1055&#8243; img_size=&#8221;full&#8221; alignment=&#8221;center&#8221; onclick=&#8221;custom_link&#8221; link=&#8221;https:\/\/www.hanseline.de\/wp-content\/uploads\/2023\/03\/Hanseline_Jubilaeum.jpg&#8221;][\/vc_column_inner][vc_column_inner width=&#8221;1\/3&#8243;][vc_single_image image=&#8221;1059&#8243; img_size=&#8221;full&#8221; alignment=&#8221;center&#8221; onclick=&#8221;custom_link&#8221; link=&#8221;https:\/\/www.hanseline.de\/wp-content\/uploads\/2023\/03\/Hanseline_MTB-Oel_natur.jpg&#8221;][\/vc_column_inner][\/vc_row_inner][vc_row_inner][vc_column_inner width=&#8221;1\/3&#8243;][vc_single_image image=&#8221;1063&#8243; img_size=&#8221;full&#8221; alignment=&#8221;center&#8221; onclick=&#8221;custom_link&#8221; img_link_target=&#8221;_blank&#8221; link=&#8221;https:\/\/www.hanseline.de\/wp-content\/uploads\/2023\/03\/Hanseline_New-Year.jpg&#8221;][\/vc_column_inner][vc_column_inner width=&#8221;1\/3&#8243;][vc_single_image image=&#8221;1067&#8243; img_size=&#8221;full&#8221; alignment=&#8221;center&#8221; onclick=&#8221;custom_link&#8221; img_link_target=&#8221;_blank&#8221; link=&#8221;https:\/\/www.hanseline.de\/wp-content\/uploads\/2023\/03\/Hanseline_Ostern.jpg&#8221;][\/vc_column_inner][vc_column_inner width=&#8221;1\/3&#8243;][vc_single_image image=&#8221;1071&#8243; img_size=&#8221;full&#8221; alignment=&#8221;center&#8221; onclick=&#8221;custom_link&#8221; img_link_target=&#8221;_blank&#8221; link=&#8221;https:\/\/www.hanseline.de\/wp-content\/uploads\/2023\/03\/Hanseline_Ruhestand.jpg&#8221;][\/vc_column_inner][\/vc_row_inner][\/vc_column][\/vc_row][vc_row css=&#8221;.vc_custom_1679387240545{padding-top: 0px !important;padding-bottom: 80px !important;}&#8221;][vc_column width=&#8221;1\/6&#8243;][\/vc_column][vc_column width=&#8221;2\/3&#8243; css=&#8221;.vc_custom_1679387233651{padding-top: 0px !important;}&#8221;][vc_column_text]The graphics listed here may be used in press releases provided that Hanseline is acknowledged as the source of the information used in the press release, with the copyright notice &#8220;\u00a9 Year Hanseline, Hilden, www.hanseline.de. All rights reserved.&#8221; is mentioned.[\/vc_column_text][vc_empty_space][\/vc_column][vc_column width=&#8221;1\/6&#8243;][\/vc_column][\/vc_row][vc_row css=&#8221;.vc_custom_1679387134424{padding-bottom: 80px !important;}&#8221;][vc_column width=&#8221;1\/6&#8243;][\/vc_column][vc_column width=&#8221;2\/3&#8243; css=&#8221;.vc_custom_1679387188452{padding-top: 0px !important;}&#8221;][vc_custom_heading text=&#8221;Not found the right one? Feel free to contact us and we will provide you with the desired material.&#8221; google_fonts=&#8221;font_family:Roboto%3A100%2C100italic%2C300%2C300italic%2Cregular%2Citalic%2C500%2C500italic%2C700%2C700italic%2C900%2C900italic|font_style:400%20regular%3A400%3Anormal&#8221;][vc_empty_space][\/vc_column][vc_column width=&#8221;1\/6&#8243;][\/vc_column][\/vc_row][vc_row][vc_column width=&#8221;1\/6&#8243;][\/vc_column][vc_column width=&#8221;2\/3&#8243;][vc_custom_heading text=&#8221;Contact&#8221; google_fonts=&#8221;font_family:Roboto%3A100%2C100italic%2C300%2C300italic%2Cregular%2Citalic%2C500%2C500italic%2C700%2C700italic%2C900%2C900italic|font_style:400%20regular%3A400%3Anormal&#8221;][vc_column_text]Gessert &amp; Sohn<br \/>\nSiemensstr. 17<br \/>\nD-40721 Hilden<\/p>\n<p>Phone: + 49 (0) 21 03 \/ 51 68 1<br \/>\nFax: + 49 (0) 21 03 \/ 51 68 2<br \/>\nMail: info@hanseline.de[\/vc_column_text][\/vc_column][vc_column width=&#8221;1\/6&#8243;][\/vc_column][\/vc_row]<\/p>\n<\/div>","protected":false},"excerpt":{"rendered":"<p>[vc_row css=&#8221;.vc_custom_1679386941106{margin-bottom: 80px !important;background-color: #f6f5f4 !important;}&#8221;][vc_column][vc_row_inner][vc_column_inner width=&#8221;1\/3&#8243;][vc_single_image image=&#8221;1051&#8243; img_size=&#8221;full&#8221; alignment=&#8221;center&#8221; onclick=&#8221;custom_link&#8221; img_link_target=&#8221;_blank&#8221; link=&#8221;https:\/\/www.hanseline.de\/wp-content\/uploads\/2023\/03\/Hanseline_Hygiene_Bad.jpg&#8221;][\/vc_column_inner][vc_column_inner width=&#8221;1\/3&#8243;][vc_single_image image=&#8221;1055&#8243; img_size=&#8221;full&#8221; alignment=&#8221;center&#8221; onclick=&#8221;custom_link&#8221; link=&#8221;https:\/\/www.hanseline.de\/wp-content\/uploads\/2023\/03\/Hanseline_Jubilaeum.jpg&#8221;][\/vc_column_inner][vc_column_inner width=&#8221;1\/3&#8243;][vc_single_image image=&#8221;1059&#8243; img_size=&#8221;full&#8221; alignment=&#8221;center&#8221; onclick=&#8221;custom_link&#8221; link=&#8221;https:\/\/www.hanseline.de\/wp-content\/uploads\/2023\/03\/Hanseline_MTB-Oel_natur.jpg&#8221;][\/vc_column_inner][\/vc_row_inner][vc_row_inner][vc_column_inner width=&#8221;1\/3&#8243;][vc_single_image<span class=\"excerpt-hellip\"> [\u2026]<\/span><\/p>\n","protected":false},"author":1,"featured_media":0,"parent":0,"menu_order":0,"comment_status":"closed","ping_status":"closed","template":"","meta":{"footnotes":""},"class_list":["post-1086","page","type-page","status-publish","hentry"],"yoast_head":"<!-- This site is optimized with the Yoast SEO plugin v26.8 - https:\/\/yoast.com\/product\/yoast-seo-wordpress\/ -->\n<title>Media &amp; Downloads - Hanseline - \u00d6le, Fette, Reiniger f\u00fcr Fahrrad und Motorrad, Lohnabf\u00fcllung<\/title>\n<meta name=\"robots\" content=\"index, follow, max-snippet:-1, max-image-preview:large, max-video-preview:-1\" \/>\n<link rel=\"canonical\" href=\"https:\/\/www.hanseline.de\/en\/media-downloads\/\" \/>\n<meta property=\"og:locale\" content=\"en_US\" \/>\n<meta property=\"og:type\" content=\"article\" \/>\n<meta property=\"og:title\" content=\"Media &amp; Downloads - Hanseline - \u00d6le, Fette, Reiniger f\u00fcr Fahrrad und Motorrad, Lohnabf\u00fcllung\" \/>\n<meta property=\"og:description\" content=\"[vc_row css=&#8221;.vc_custom_1679386941106{margin-bottom: 80px !important;background-color: #f6f5f4 !important;}&#8221;][vc_column][vc_row_inner][vc_column_inner width=&#8221;1\/3&#8243;][vc_single_image image=&#8221;1051&#8243; img_size=&#8221;full&#8221; alignment=&#8221;center&#8221; onclick=&#8221;custom_link&#8221; img_link_target=&#8221;_blank&#8221; link=&#8221;https:\/\/www.hanseline.de\/wp-content\/uploads\/2023\/03\/Hanseline_Hygiene_Bad.jpg&#8221;][\/vc_column_inner][vc_column_inner width=&#8221;1\/3&#8243;][vc_single_image image=&#8221;1055&#8243; img_size=&#8221;full&#8221; alignment=&#8221;center&#8221; onclick=&#8221;custom_link&#8221; link=&#8221;https:\/\/www.hanseline.de\/wp-content\/uploads\/2023\/03\/Hanseline_Jubilaeum.jpg&#8221;][\/vc_column_inner][vc_column_inner width=&#8221;1\/3&#8243;][vc_single_image image=&#8221;1059&#8243; img_size=&#8221;full&#8221; alignment=&#8221;center&#8221; onclick=&#8221;custom_link&#8221; link=&#8221;https:\/\/www.hanseline.de\/wp-content\/uploads\/2023\/03\/Hanseline_MTB-Oel_natur.jpg&#8221;][\/vc_column_inner][\/vc_row_inner][vc_row_inner][vc_column_inner width=&#8221;1\/3&#8243;][vc_single_image [\u2026]\" \/>\n<meta property=\"og:url\" content=\"https:\/\/www.hanseline.de\/en\/media-downloads\/\" \/>\n<meta property=\"og:site_name\" content=\"Hanseline - \u00d6le, Fette, Reiniger f\u00fcr Fahrrad und Motorrad, Lohnabf\u00fcllung\" \/>\n<meta property=\"article:modified_time\" content=\"2023-03-21T10:55:23+00:00\" \/>\n<meta name=\"twitter:card\" content=\"summary_large_image\" \/>\n<meta name=\"twitter:label1\" content=\"Est. reading time\" \/>\n\t<meta name=\"twitter:data1\" content=\"1 minute\" \/>\n<script type=\"application\/ld+json\" class=\"yoast-schema-graph\">{\"@context\":\"https:\/\/schema.org\",\"@graph\":[{\"@type\":\"WebPage\",\"@id\":\"https:\/\/www.hanseline.de\/en\/media-downloads\/\",\"url\":\"https:\/\/www.hanseline.de\/en\/media-downloads\/\",\"name\":\"Media & Downloads - Hanseline - \u00d6le, Fette, Reiniger f\u00fcr Fahrrad und Motorrad, Lohnabf\u00fcllung\",\"isPartOf\":{\"@id\":\"https:\/\/www.hanseline.de\/#website\"},\"datePublished\":\"2023-03-21T10:54:35+00:00\",\"dateModified\":\"2023-03-21T10:55:23+00:00\",\"breadcrumb\":{\"@id\":\"https:\/\/www.hanseline.de\/en\/media-downloads\/#breadcrumb\"},\"inLanguage\":\"en-US\",\"potentialAction\":[{\"@type\":\"ReadAction\",\"target\":[\"https:\/\/www.hanseline.de\/en\/media-downloads\/\"]}]},{\"@type\":\"BreadcrumbList\",\"@id\":\"https:\/\/www.hanseline.de\/en\/media-downloads\/#breadcrumb\",\"itemListElement\":[{\"@type\":\"ListItem\",\"position\":1,\"name\":\"Startseite\",\"item\":\"https:\/\/www.hanseline.de\/en\/\"},{\"@type\":\"ListItem\",\"position\":2,\"name\":\"Media &#038; Downloads\"}]},{\"@type\":\"WebSite\",\"@id\":\"https:\/\/www.hanseline.de\/#website\",\"url\":\"https:\/\/www.hanseline.de\/\",\"name\":\"Hanseline - \u00d6le, Fette, Reiniger f\u00fcr Fahrrad und Motorrad, Lohnabf\u00fcllung\",\"description\":\"\",\"potentialAction\":[{\"@type\":\"SearchAction\",\"target\":{\"@type\":\"EntryPoint\",\"urlTemplate\":\"https:\/\/www.hanseline.de\/?s={search_term_string}\"},\"query-input\":{\"@type\":\"PropertyValueSpecification\",\"valueRequired\":true,\"valueName\":\"search_term_string\"}}],\"inLanguage\":\"en-US\"}]}<\/script>\n<!-- \/ Yoast SEO plugin. -->","yoast_head_json":{"title":"Media & Downloads - Hanseline - \u00d6le, Fette, Reiniger f\u00fcr Fahrrad und Motorrad, Lohnabf\u00fcllung","robots":{"index":"index","follow":"follow","max-snippet":"max-snippet:-1","max-image-preview":"max-image-preview:large","max-video-preview":"max-video-preview:-1"},"canonical":"https:\/\/www.hanseline.de\/en\/media-downloads\/","og_locale":"en_US","og_type":"article","og_title":"Media & Downloads - Hanseline - \u00d6le, Fette, Reiniger f\u00fcr Fahrrad und Motorrad, Lohnabf\u00fcllung","og_description":"[vc_row css=&#8221;.vc_custom_1679386941106{margin-bottom: 80px !important;background-color: #f6f5f4 !important;}&#8221;][vc_column][vc_row_inner][vc_column_inner width=&#8221;1\/3&#8243;][vc_single_image image=&#8221;1051&#8243; img_size=&#8221;full&#8221; alignment=&#8221;center&#8221; onclick=&#8221;custom_link&#8221; img_link_target=&#8221;_blank&#8221; link=&#8221;https:\/\/www.hanseline.de\/wp-content\/uploads\/2023\/03\/Hanseline_Hygiene_Bad.jpg&#8221;][\/vc_column_inner][vc_column_inner width=&#8221;1\/3&#8243;][vc_single_image image=&#8221;1055&#8243; img_size=&#8221;full&#8221; alignment=&#8221;center&#8221; onclick=&#8221;custom_link&#8221; link=&#8221;https:\/\/www.hanseline.de\/wp-content\/uploads\/2023\/03\/Hanseline_Jubilaeum.jpg&#8221;][\/vc_column_inner][vc_column_inner width=&#8221;1\/3&#8243;][vc_single_image image=&#8221;1059&#8243; img_size=&#8221;full&#8221; alignment=&#8221;center&#8221; onclick=&#8221;custom_link&#8221; link=&#8221;https:\/\/www.hanseline.de\/wp-content\/uploads\/2023\/03\/Hanseline_MTB-Oel_natur.jpg&#8221;][\/vc_column_inner][\/vc_row_inner][vc_row_inner][vc_column_inner width=&#8221;1\/3&#8243;][vc_single_image [\u2026]","og_url":"https:\/\/www.hanseline.de\/en\/media-downloads\/","og_site_name":"Hanseline - \u00d6le, Fette, Reiniger f\u00fcr Fahrrad und Motorrad, Lohnabf\u00fcllung","article_modified_time":"2023-03-21T10:55:23+00:00","twitter_card":"summary_large_image","twitter_misc":{"Est. reading time":"1 minute"},"schema":{"@context":"https:\/\/schema.org","@graph":[{"@type":"WebPage","@id":"https:\/\/www.hanseline.de\/en\/media-downloads\/","url":"https:\/\/www.hanseline.de\/en\/media-downloads\/","name":"Media & Downloads - Hanseline - \u00d6le, Fette, Reiniger f\u00fcr Fahrrad und Motorrad, Lohnabf\u00fcllung","isPartOf":{"@id":"https:\/\/www.hanseline.de\/#website"},"datePublished":"2023-03-21T10:54:35+00:00","dateModified":"2023-03-21T10:55:23+00:00","breadcrumb":{"@id":"https:\/\/www.hanseline.de\/en\/media-downloads\/#breadcrumb"},"inLanguage":"en-US","potentialAction":[{"@type":"ReadAction","target":["https:\/\/www.hanseline.de\/en\/media-downloads\/"]}]},{"@type":"BreadcrumbList","@id":"https:\/\/www.hanseline.de\/en\/media-downloads\/#breadcrumb","itemListElement":[{"@type":"ListItem","position":1,"name":"Startseite","item":"https:\/\/www.hanseline.de\/en\/"},{"@type":"ListItem","position":2,"name":"Media &#038; Downloads"}]},{"@type":"WebSite","@id":"https:\/\/www.hanseline.de\/#website","url":"https:\/\/www.hanseline.de\/","name":"Hanseline - \u00d6le, Fette, Reiniger f\u00fcr Fahrrad und Motorrad, Lohnabf\u00fcllung","description":"","potentialAction":[{"@type":"SearchAction","target":{"@type":"EntryPoint","urlTemplate":"https:\/\/www.hanseline.de\/?s={search_term_string}"},"query-input":{"@type":"PropertyValueSpecification","valueRequired":true,"valueName":"search_term_string"}}],"inLanguage":"en-US"}]}},"_links":{"self":[{"href":"https:\/\/www.hanseline.de\/en\/wp-json\/wp\/v2\/pages\/1086","targetHints":{"allow":["GET"]}}],"collection":[{"href":"https:\/\/www.hanseline.de\/en\/wp-json\/wp\/v2\/pages"}],"about":[{"href":"https:\/\/www.hanseline.de\/en\/wp-json\/wp\/v2\/types\/page"}],"author":[{"embeddable":true,"href":"https:\/\/www.hanseline.de\/en\/wp-json\/wp\/v2\/users\/1"}],"replies":[{"embeddable":true,"href":"https:\/\/www.hanseline.de\/en\/wp-json\/wp\/v2\/comments?post=1086"}],"version-history":[{"count":3,"href":"https:\/\/www.hanseline.de\/en\/wp-json\/wp\/v2\/pages\/1086\/revisions"}],"predecessor-version":[{"id":1089,"href":"https:\/\/www.hanseline.de\/en\/wp-json\/wp\/v2\/pages\/1086\/revisions\/1089"}],"wp:attachment":[{"href":"https:\/\/www.hanseline.de\/en\/wp-json\/wp\/v2\/media?parent=1086"}],"curies":[{"name":"wp","href":"https:\/\/api.w.org\/{rel}","templated":true}]}}