{"id":604,"date":"2019-06-28T07:45:47","date_gmt":"2019-06-28T05:45:47","guid":{"rendered":"https:\/\/www.wolpersweb.de\/projekte\/hanseline\/chain-lube-kettenfett\/"},"modified":"2019-11-26T10:16:47","modified_gmt":"2019-11-26T09:16:47","slug":"chain-lube-grease","status":"publish","type":"page","link":"https:\/\/www.hanseline.de\/en\/chain-lube-grease\/","title":{"rendered":"CHAIN LUBE Grease"},"content":{"rendered":"","protected":false},"excerpt":{"rendered":"","protected":false},"author":1,"featured_media":0,"parent":0,"menu_order":0,"comment_status":"closed","ping_status":"closed","template":"","meta":{"footnotes":""},"class_list":["post-604","page","type-page","status-publish","hentry"],"yoast_head":"<!-- This site is optimized with the Yoast SEO plugin v26.8 - https:\/\/yoast.com\/product\/yoast-seo-wordpress\/ -->\n<title>CHAIN LUBE Grease - Hanseline - \u00d6le, Fette, Reiniger f\u00fcr Fahrrad und Motorrad, Lohnabf\u00fcllung<\/title>\n<meta name=\"robots\" content=\"index, follow, max-snippet:-1, max-image-preview:large, max-video-preview:-1\" \/>\n<link rel=\"canonical\" href=\"https:\/\/www.hanseline.de\/en\/chain-lube-grease\/\" \/>\n<meta property=\"og:locale\" content=\"en_US\" \/>\n<meta property=\"og:type\" content=\"article\" \/>\n<meta property=\"og:title\" content=\"CHAIN LUBE Grease - Hanseline - \u00d6le, Fette, Reiniger f\u00fcr Fahrrad und Motorrad, Lohnabf\u00fcllung\" \/>\n<meta property=\"og:url\" content=\"https:\/\/www.hanseline.de\/en\/chain-lube-grease\/\" \/>\n<meta property=\"og:site_name\" content=\"Hanseline - \u00d6le, Fette, Reiniger f\u00fcr Fahrrad und Motorrad, Lohnabf\u00fcllung\" \/>\n<meta property=\"article:modified_time\" content=\"2019-11-26T09:16:47+00:00\" \/>\n<meta name=\"twitter:card\" content=\"summary_large_image\" \/>\n<script type=\"application\/ld+json\" class=\"yoast-schema-graph\">{\"@context\":\"https:\/\/schema.org\",\"@graph\":[{\"@type\":\"WebPage\",\"@id\":\"https:\/\/www.hanseline.de\/en\/chain-lube-grease\/\",\"url\":\"https:\/\/www.hanseline.de\/en\/chain-lube-grease\/\",\"name\":\"CHAIN LUBE Grease - Hanseline - \u00d6le, Fette, Reiniger f\u00fcr Fahrrad und Motorrad, Lohnabf\u00fcllung\",\"isPartOf\":{\"@id\":\"https:\/\/www.hanseline.de\/#website\"},\"datePublished\":\"2019-06-28T05:45:47+00:00\",\"dateModified\":\"2019-11-26T09:16:47+00:00\",\"breadcrumb\":{\"@id\":\"https:\/\/www.hanseline.de\/en\/chain-lube-grease\/#breadcrumb\"},\"inLanguage\":\"en-US\",\"potentialAction\":[{\"@type\":\"ReadAction\",\"target\":[\"https:\/\/www.hanseline.de\/en\/chain-lube-grease\/\"]}]},{\"@type\":\"BreadcrumbList\",\"@id\":\"https:\/\/www.hanseline.de\/en\/chain-lube-grease\/#breadcrumb\",\"itemListElement\":[{\"@type\":\"ListItem\",\"position\":1,\"name\":\"Startseite\",\"item\":\"https:\/\/www.hanseline.de\/en\/\"},{\"@type\":\"ListItem\",\"position\":2,\"name\":\"CHAIN LUBE Grease\"}]},{\"@type\":\"WebSite\",\"@id\":\"https:\/\/www.hanseline.de\/#website\",\"url\":\"https:\/\/www.hanseline.de\/\",\"name\":\"Hanseline - \u00d6le, Fette, Reiniger f\u00fcr Fahrrad und Motorrad, Lohnabf\u00fcllung\",\"description\":\"\",\"potentialAction\":[{\"@type\":\"SearchAction\",\"target\":{\"@type\":\"EntryPoint\",\"urlTemplate\":\"https:\/\/www.hanseline.de\/?s={search_term_string}\"},\"query-input\":{\"@type\":\"PropertyValueSpecification\",\"valueRequired\":true,\"valueName\":\"search_term_string\"}}],\"inLanguage\":\"en-US\"}]}<\/script>\n<!-- \/ Yoast SEO plugin. -->","yoast_head_json":{"title":"CHAIN LUBE Grease - Hanseline - \u00d6le, Fette, Reiniger f\u00fcr Fahrrad und Motorrad, Lohnabf\u00fcllung","robots":{"index":"index","follow":"follow","max-snippet":"max-snippet:-1","max-image-preview":"max-image-preview:large","max-video-preview":"max-video-preview:-1"},"canonical":"https:\/\/www.hanseline.de\/en\/chain-lube-grease\/","og_locale":"en_US","og_type":"article","og_title":"CHAIN LUBE Grease - Hanseline - \u00d6le, Fette, Reiniger f\u00fcr Fahrrad und Motorrad, Lohnabf\u00fcllung","og_url":"https:\/\/www.hanseline.de\/en\/chain-lube-grease\/","og_site_name":"Hanseline - \u00d6le, Fette, Reiniger f\u00fcr Fahrrad und Motorrad, Lohnabf\u00fcllung","article_modified_time":"2019-11-26T09:16:47+00:00","twitter_card":"summary_large_image","schema":{"@context":"https:\/\/schema.org","@graph":[{"@type":"WebPage","@id":"https:\/\/www.hanseline.de\/en\/chain-lube-grease\/","url":"https:\/\/www.hanseline.de\/en\/chain-lube-grease\/","name":"CHAIN LUBE Grease - Hanseline - \u00d6le, Fette, Reiniger f\u00fcr Fahrrad und Motorrad, Lohnabf\u00fcllung","isPartOf":{"@id":"https:\/\/www.hanseline.de\/#website"},"datePublished":"2019-06-28T05:45:47+00:00","dateModified":"2019-11-26T09:16:47+00:00","breadcrumb":{"@id":"https:\/\/www.hanseline.de\/en\/chain-lube-grease\/#breadcrumb"},"inLanguage":"en-US","potentialAction":[{"@type":"ReadAction","target":["https:\/\/www.hanseline.de\/en\/chain-lube-grease\/"]}]},{"@type":"BreadcrumbList","@id":"https:\/\/www.hanseline.de\/en\/chain-lube-grease\/#breadcrumb","itemListElement":[{"@type":"ListItem","position":1,"name":"Startseite","item":"https:\/\/www.hanseline.de\/en\/"},{"@type":"ListItem","position":2,"name":"CHAIN LUBE Grease"}]},{"@type":"WebSite","@id":"https:\/\/www.hanseline.de\/#website","url":"https:\/\/www.hanseline.de\/","name":"Hanseline - \u00d6le, Fette, Reiniger f\u00fcr Fahrrad und Motorrad, Lohnabf\u00fcllung","description":"","potentialAction":[{"@type":"SearchAction","target":{"@type":"EntryPoint","urlTemplate":"https:\/\/www.hanseline.de\/?s={search_term_string}"},"query-input":{"@type":"PropertyValueSpecification","valueRequired":true,"valueName":"search_term_string"}}],"inLanguage":"en-US"}]}},"_links":{"self":[{"href":"https:\/\/www.hanseline.de\/en\/wp-json\/wp\/v2\/pages\/604","targetHints":{"allow":["GET"]}}],"collection":[{"href":"https:\/\/www.hanseline.de\/en\/wp-json\/wp\/v2\/pages"}],"about":[{"href":"https:\/\/www.hanseline.de\/en\/wp-json\/wp\/v2\/types\/page"}],"author":[{"embeddable":true,"href":"https:\/\/www.hanseline.de\/en\/wp-json\/wp\/v2\/users\/1"}],"replies":[{"embeddable":true,"href":"https:\/\/www.hanseline.de\/en\/wp-json\/wp\/v2\/comments?post=604"}],"version-history":[{"count":3,"href":"https:\/\/www.hanseline.de\/en\/wp-json\/wp\/v2\/pages\/604\/revisions"}],"predecessor-version":[{"id":842,"href":"https:\/\/www.hanseline.de\/en\/wp-json\/wp\/v2\/pages\/604\/revisions\/842"}],"wp:attachment":[{"href":"https:\/\/www.hanseline.de\/en\/wp-json\/wp\/v2\/media?parent=604"}],"curies":[{"name":"wp","href":"https:\/\/api.w.org\/{rel}","templated":true}]}}